{"id":605,"date":"2022-09-06T12:11:01","date_gmt":"2022-09-06T10:11:01","guid":{"rendered":"http:\/\/svg-busteamnrw.de\/?page_id=605"},"modified":"2025-07-07T09:15:43","modified_gmt":"2025-07-07T07:15:43","slug":"impressum","status":"publish","type":"page","link":"https:\/\/svg-vspv.de\/index.php\/impressum\/","title":{"rendered":"Impressum"},"content":{"rendered":"<p>IMPRESSUM<\/p>\n<p>Betreiber dieses Internetauftritts<\/p>\n<header>\n<header>\n<h2><\/h2>\n<\/header>\n<p><strong>Pflichtangaben (Anbieterkennzeichnung) gem\u00e4\u00df \u00a7\u00a7 5 TMG, 55 RStV:<\/strong><br \/>\nSVG Assekuranz-Service Westfalen-Lippe GmbH<br \/>\nHaferlandweg 8<br \/>\n48155 M\u00fcnster<\/p>\n<p><strong>Kontakt:<\/strong><br \/>\nTelefon: +49 251 6061 222<br \/>\nE-Mail:\u00a0<a href=\"mailto:service@svg-ms.de\">service@svg-ms.de<\/a><\/p>\n<p><strong>Gesch\u00e4ftsf\u00fchrer:<\/strong><br \/>\nStefan K\u00f6rlin<\/p>\n<p><strong>Registereintrag:<\/strong><br \/>\nAmtsgericht M\u00fcnster<br \/>\nRegisternummer: HRB 4537<\/p>\n<p><strong>Umsatzsteuer:<\/strong><br \/>\nUmsatzsteuer-Identifikationsnummer gem\u00e4\u00df \u00a727 a Umsatzsteuergesetz:<br \/>\nDE174774670<\/p>\n<\/header>\n<p>Services<\/p>\n<p><a style=\"color: #ffffff;\" href=\"http:\/\/test.svg-wissenspool.de\/index.php\/impressum\/\">Impressum<\/a><br \/>\n<a style=\"color: #ffffff;\" href=\"http:\/\/test.svg-wissenspool.de\/index.php\/datenschutz\/\">Datenschutz<\/a><\/p>\n<style>\/*! elementor - v3.17.0 - 25-10-2023 *\/<br \/>\n.elementor-widget-divider{--divider-border-style:none;--divider-border-width:1px;--divider-color:#0c0d0e;--divider-icon-size:20px;--divider-element-spacing:10px;--divider-pattern-height:24px;--divider-pattern-size:20px;--divider-pattern-url:none;--divider-pattern-repeat:repeat-x}.elementor-widget-divider .elementor-divider{display:flex}.elementor-widget-divider .elementor-divider__text{font-size:15px;line-height:1;max-width:95%}.elementor-widget-divider .elementor-divider__element{margin:0 var(--divider-element-spacing);flex-shrink:0}.elementor-widget-divider .elementor-icon{font-size:var(--divider-icon-size)}.elementor-widget-divider .elementor-divider-separator{display:flex;margin:0;direction:ltr}.elementor-widget-divider--view-line_icon .elementor-divider-separator,.elementor-widget-divider--view-line_text .elementor-divider-separator{align-items:center}.elementor-widget-divider--view-line_icon .elementor-divider-separator:after,.elementor-widget-divider--view-line_icon .elementor-divider-separator:before,.elementor-widget-divider--view-line_text .elementor-divider-separator:after,.elementor-widget-divider--view-line_text .elementor-divider-separator:before{display:block;content:\"\";border-bottom:0;flex-grow:1;border-top:var(--divider-border-width) var(--divider-border-style) var(--divider-color)}.elementor-widget-divider--element-align-left .elementor-divider .elementor-divider-separator>.elementor-divider__svg:first-of-type{flex-grow:0;flex-shrink:100}.elementor-widget-divider--element-align-left .elementor-divider-separator:before{content:none}.elementor-widget-divider--element-align-left .elementor-divider__element{margin-left:0}.elementor-widget-divider--element-align-right .elementor-divider .elementor-divider-separator>.elementor-divider__svg:last-of-type{flex-grow:0;flex-shrink:100}.elementor-widget-divider--element-align-right .elementor-divider-separator:after{content:none}.elementor-widget-divider--element-align-right .elementor-divider__element{margin-right:0}.elementor-widget-divider:not(.elementor-widget-divider--view-line_text):not(.elementor-widget-divider--view-line_icon) .elementor-divider-separator{border-top:var(--divider-border-width) var(--divider-border-style) var(--divider-color)}.elementor-widget-divider--separator-type-pattern{--divider-border-style:none}.elementor-widget-divider--separator-type-pattern.elementor-widget-divider--view-line .elementor-divider-separator,.elementor-widget-divider--separator-type-pattern:not(.elementor-widget-divider--view-line) .elementor-divider-separator:after,.elementor-widget-divider--separator-type-pattern:not(.elementor-widget-divider--view-line) .elementor-divider-separator:before,.elementor-widget-divider--separator-type-pattern:not([class*=elementor-widget-divider--view]) .elementor-divider-separator{width:100%;min-height:var(--divider-pattern-height);-webkit-mask-size:var(--divider-pattern-size) 100%;mask-size:var(--divider-pattern-size) 100%;-webkit-mask-repeat:var(--divider-pattern-repeat);mask-repeat:var(--divider-pattern-repeat);background-color:var(--divider-color);-webkit-mask-image:var(--divider-pattern-url);mask-image:var(--divider-pattern-url)}.elementor-widget-divider--no-spacing{--divider-pattern-size:auto}.elementor-widget-divider--bg-round{--divider-pattern-repeat:round}.rtl .elementor-widget-divider .elementor-divider__text{direction:rtl}.e-con-inner>.elementor-widget-divider,.e-con>.elementor-widget-divider{width:var(--container-widget-width,100%);--flex-grow:var(--container-widget-flex-grow)}<\/style>\n<p>Kontakt<\/p>\n<p>SVG Assekuranz-Service Westfalen-Lippe GmbH<br \/>\nHaferlandweg 8<br \/>\n48155 M\u00fcnster<\/p>\n<p>Kooperationspartner VSPV<\/p>\n<p>Verband des privaten gewerblichen<br \/>\nStra\u00dfenpersonenverkehrs<br \/>\nNordrhein-Westfalen VSPV e.V.<\/p>\n<p>VSPV NRW e.V.<br \/>\nBenninghofer Str. 152<br \/>\n44260 Dortmund<\/p>\n","protected":false},"excerpt":{"rendered":"<p>IMPRESSUM Betreiber dieses Internetauftritts Pflichtangaben (Anbieterkennzeichnung) gem\u00e4\u00df \u00a7\u00a7 5 TMG, 55 RStV: SVG Assekuranz-Service Westfalen-Lippe GmbH Haferlandweg 8 48155 M\u00fcnster Kontakt: Telefon: +49 251 6061 222 E-Mail:\u00a0service@svg-ms.de Gesch\u00e4ftsf\u00fchrer: Stefan K\u00f6rlin Registereintrag: Amtsgericht M\u00fcnster Registernummer: HRB 4537 Umsatzsteuer: Umsatzsteuer-Identifikationsnummer gem\u00e4\u00df \u00a727 a Umsatzsteuergesetz: DE174774670 Services Impressum Datenschutz Kontakt SVG Assekuranz-Service Westfalen-Lippe GmbH Haferlandweg 8 48155 M\u00fcnster [&hellip;]<\/p>\n","protected":false},"author":1,"featured_media":0,"parent":0,"menu_order":0,"comment_status":"closed","ping_status":"closed","template":"elementor_canvas","meta":{"footnotes":""},"class_list":["post-605","page","type-page","status-publish","hentry"],"_links":{"self":[{"href":"https:\/\/svg-vspv.de\/index.php\/wp-json\/wp\/v2\/pages\/605","targetHints":{"allow":["GET"]}}],"collection":[{"href":"https:\/\/svg-vspv.de\/index.php\/wp-json\/wp\/v2\/pages"}],"about":[{"href":"https:\/\/svg-vspv.de\/index.php\/wp-json\/wp\/v2\/types\/page"}],"author":[{"embeddable":true,"href":"https:\/\/svg-vspv.de\/index.php\/wp-json\/wp\/v2\/users\/1"}],"replies":[{"embeddable":true,"href":"https:\/\/svg-vspv.de\/index.php\/wp-json\/wp\/v2\/comments?post=605"}],"version-history":[{"count":116,"href":"https:\/\/svg-vspv.de\/index.php\/wp-json\/wp\/v2\/pages\/605\/revisions"}],"predecessor-version":[{"id":5643,"href":"https:\/\/svg-vspv.de\/index.php\/wp-json\/wp\/v2\/pages\/605\/revisions\/5643"}],"wp:attachment":[{"href":"https:\/\/svg-vspv.de\/index.php\/wp-json\/wp\/v2\/media?parent=605"}],"curies":[{"name":"wp","href":"https:\/\/api.w.org\/{rel}","templated":true}]}}